{"id":2180,"date":"2019-11-12T13:25:11","date_gmt":"2019-11-12T13:25:11","guid":{"rendered":"https:\/\/beckabeck.de\/?page_id=2180"},"modified":"2020-05-12T07:15:30","modified_gmt":"2020-05-12T07:15:30","slug":"heiner","status":"publish","type":"page","link":"https:\/\/beckabeck.de\/info\/heiner","title":{"rendered":"HEINER"},"content":{"rendered":"<p><div class=\"fusion-fullwidth fullwidth-box fusion-builder-row-1 hundred-percent-fullwidth non-hundred-percent-height-scrolling\" style=\"--awb-border-radius-top-left:0px;--awb-border-radius-top-right:0px;--awb-border-radius-bottom-right:0px;--awb-border-radius-bottom-left:0px;--awb-padding-top:0px;--awb-padding-right:0px;--awb-padding-bottom:0px;--awb-padding-left:0px;--awb-margin-top:0px;--awb-margin-bottom:0px;--awb-background-color:rgba(255,255,255,0);--awb-flex-wrap:wrap;\" ><div class=\"fusion-builder-row fusion-row\"><div class=\"fusion-layout-column fusion_builder_column fusion-builder-column-0 fusion_builder_column_1_1 1_1 fusion-one-full fusion-column-first fusion-column-last\" style=\"--awb-bg-size:cover;--awb-margin-bottom:0px;\"><div class=\"fusion-column-wrapper fusion-column-has-shadow fusion-flex-column-wrapper-legacy\"><div class=\"fusion-column-content-centered\"><div class=\"fusion-column-content\"><div class=\"fusion-video fusion-selfhosted-video fusion-aligncenter\" style=\"max-width:1920px;\"><div class=\"video-wrapper\"><video playsinline=\"true\" width=\"100%\" style=\"object-fit: cover;\" autoplay=\"true\" loop=\"true\" preload=\"auto\" controls=\"1\"><source src=\"https:\/\/beckabeck.de\/info\/wp-content\/uploads\/videos\/BeckaBeck_Heiner.mp4\" type=\"video\/mp4\">Sorry, your browser doesn&#039;t support embedded videos.<\/video><\/div><\/div><\/div><\/div><div class=\"fusion-clearfix\"><\/div><\/div><\/div><\/div><\/div><div class=\"fusion-fullwidth fullwidth-box fusion-builder-row-2 nonhundred-percent-fullwidth non-hundred-percent-height-scrolling\" style=\"--awb-border-radius-top-left:0px;--awb-border-radius-top-right:0px;--awb-border-radius-bottom-right:0px;--awb-border-radius-bottom-left:0px;--awb-padding-right:8%;--awb-padding-left:8%;--awb-margin-top:15px;--awb-flex-wrap:wrap;\" ><div class=\"fusion-builder-row fusion-row\"><div class=\"fusion-layout-column fusion_builder_column fusion-builder-column-1 fusion_builder_column_1_1 1_1 fusion-one-full fusion-column-first fusion-column-last\" style=\"--awb-padding-bottom:15px;--awb-bg-size:cover;--awb-margin-bottom:0px;\"><div class=\"fusion-column-wrapper fusion-column-has-shadow fusion-flex-column-wrapper-legacy\"><div class=\"fusion-title title fusion-title-1 fusion-title-center fusion-title-text fusion-title-size-one\" style=\"--awb-margin-bottom:50px;\"><div class=\"title-sep-container title-sep-container-left\"><div class=\"title-sep sep- sep-solid\" style=\"border-color:rgba(255,255,255,0.15);\"><\/div><\/div><span class=\"awb-title-spacer\"><\/span><h1 class=\"fusion-title-heading title-heading-center fusion-responsive-typography-calculated\" style=\"margin:0;--fontSize:43;line-height:1.1;\"><p style=\"text-align: center;\">&#8222;ICH GAB DEM DINKEL SEINE<br \/>\nHEIMAT ZUR\u00dcCK.&#8220;<\/p><\/h1><span class=\"awb-title-spacer\"><\/span><div class=\"title-sep-container title-sep-container-right\"><div class=\"title-sep sep- sep-solid\" style=\"border-color:rgba(255,255,255,0.15);\"><\/div><\/div><\/div><div class=\"fusion-clearfix\"><\/div><\/div><\/div><div class=\"fusion-layout-column fusion_builder_column fusion-builder-column-2 fusion_builder_column_1_5 1_5 fusion-one-fifth fusion-column-first\" style=\"--awb-padding-top:60px;--awb-padding-right:50px;--awb-padding-left:50px;--awb-bg-color:rgba(255,255,255,0);--awb-bg-color-hover:rgba(255,255,255,0);--awb-bg-size:cover;--awb-margin-bottom:0px;width:20%;width:calc(20% - ( ( 0px + 0px ) * 0.2 ) );margin-right: 0px;\"><div class=\"fusion-column-wrapper fusion-column-has-shadow fusion-flex-column-wrapper-legacy\"><div class=\"fusion-clearfix\"><\/div><\/div><\/div><div class=\"fusion-layout-column fusion_builder_column fusion-builder-column-3 fusion_builder_column_3_5 3_5 fusion-three-fifth\" style=\"--awb-bg-color:rgba(255,255,255,0);--awb-bg-color-hover:rgba(255,255,255,0);--awb-bg-size:cover;--awb-margin-top:-50px;width:60%;width:calc(60% - ( ( 0px + 0px ) * 0.6 ) );margin-right: 0px;\"><div class=\"fusion-column-wrapper fusion-column-has-shadow fusion-flex-column-wrapper-legacy\"><div class=\"fusion-text fusion-text-1\"><p style=\"text-align: center;\">Schon mein Vater hat Wert auf Qualit\u00e4t und Teigruhe gelegt und hat gerne Dinkel verarbeitet, aber Dinkel braucht Zeit und gutes Wasser. Heute wei\u00df man, dass dies wichtige Qualit\u00e4tsmerkmale sind, denn die hohe Wasseraufnahme macht das Brot feuchter und haltbarer, die Teigruhe wiederum macht es bek\u00f6mmlicher. Doch dann gab es Anfang der Neunziger Jahre kaum mehr Dinkel auf dem Weltmarkt und das B\u00e4ckerhandwerk hat sich insgesamt ver\u00e4ndert. Rationalisierung war angesagt und hat dem eigentlichen Handwerk viel genommen.<\/p>\n<\/div><div class=\"fusion-title title fusion-title-2 fusion-title-center fusion-title-text fusion-title-size-three\"><div class=\"title-sep-container title-sep-container-left\"><div class=\"title-sep sep- sep-solid\" style=\"border-color:rgba(255,255,255,0.15);\"><\/div><\/div><span class=\"awb-title-spacer\"><\/span><h3 class=\"fusion-title-heading title-heading-center fusion-responsive-typography-calculated\" style=\"margin:0;--fontSize:25;--minFontSize:25;line-height:1.5;\"><p style=\"text-align: center;\"><em>Damals habe ich begriffen, ich wollte ein anderer B\u00e4cker sein. Mir war immer wichtig, Ziele zu haben und Spuren zu hinterlassen.<\/em><\/p><\/h3><span class=\"awb-title-spacer\"><\/span><div class=\"title-sep-container title-sep-container-right\"><div class=\"title-sep sep- sep-solid\" style=\"border-color:rgba(255,255,255,0.15);\"><\/div><\/div><\/div><div class=\"fusion-clearfix\"><\/div><\/div><\/div><div class=\"fusion-layout-column fusion_builder_column fusion-builder-column-4 fusion_builder_column_1_5 1_5 fusion-one-fifth fusion-column-last\" style=\"--awb-padding-right:50px;--awb-padding-left:50px;--awb-bg-color:rgba(255,255,255,0);--awb-bg-color-hover:rgba(255,255,255,0);--awb-bg-size:cover;--awb-margin-bottom:0px;width:20%;width:calc(20% - ( ( 0px + 0px ) * 0.2 ) );\"><div class=\"fusion-column-wrapper fusion-column-has-shadow fusion-flex-column-wrapper-legacy\"><div class=\"fusion-clearfix\"><\/div><\/div><\/div><\/div><\/div><div class=\"fusion-fullwidth fullwidth-box fusion-builder-row-3 nonhundred-percent-fullwidth non-hundred-percent-height-scrolling\" style=\"--awb-border-radius-top-left:0px;--awb-border-radius-top-right:0px;--awb-border-radius-bottom-right:0px;--awb-border-radius-bottom-left:0px;--awb-padding-right:0px;--awb-padding-left:0px;--awb-margin-top:30px;--awb-background-color:rgba(224,224,224,0);--awb-flex-wrap:wrap;\" ><div class=\"fusion-builder-row fusion-row\"><div class=\"fusion-layout-column fusion_builder_column fusion-builder-column-5 fusion_builder_column_1_3 1_3 fusion-one-third fusion-column-first\" style=\"--awb-bg-size:cover;--awb-margin-bottom:0px;width:33.333333333333%;width:calc(33.333333333333% - ( ( 0px + 0px ) * 0.33333333333333 ) );margin-right: 0px;\"><div class=\"fusion-column-wrapper fusion-column-has-shadow fusion-flex-column-wrapper-legacy\"><div class=\"fusion-image-element fusion-image-align-center in-legacy-container\" style=\"text-align:center;--awb-caption-title-font-family:var(--h2_typography-font-family);--awb-caption-title-font-weight:var(--h2_typography-font-weight);--awb-caption-title-font-style:var(--h2_typography-font-style);--awb-caption-title-size:var(--h2_typography-font-size);--awb-caption-title-transform:var(--h2_typography-text-transform);--awb-caption-title-line-height:var(--h2_typography-line-height);--awb-caption-title-letter-spacing:var(--h2_typography-letter-spacing);\"><div class=\"imageframe-align-center\"><span class=\" fusion-imageframe imageframe-none imageframe-1 hover-type-none\"><img decoding=\"async\" width=\"640\" height=\"350\" title=\"200407_Dinkelfeld_640x350px\" src=\"https:\/\/beckabeck.de\/info\/wp-content\/uploads\/2020\/04\/200407_Dinkelfeld_640x350px.jpg\" alt class=\"img-responsive wp-image-6124\" srcset=\"https:\/\/beckabeck.de\/info\/wp-content\/uploads\/2020\/04\/200407_Dinkelfeld_640x350px-200x109.jpg 200w, https:\/\/beckabeck.de\/info\/wp-content\/uploads\/2020\/04\/200407_Dinkelfeld_640x350px-400x219.jpg 400w, https:\/\/beckabeck.de\/info\/wp-content\/uploads\/2020\/04\/200407_Dinkelfeld_640x350px-600x328.jpg 600w, https:\/\/beckabeck.de\/info\/wp-content\/uploads\/2020\/04\/200407_Dinkelfeld_640x350px.jpg 640w\" sizes=\"(max-width: 800px) 100vw, 640px\" \/><\/span><\/div><\/div><div class=\"fusion-clearfix\"><\/div><\/div><\/div><div class=\"fusion-layout-column fusion_builder_column fusion-builder-column-6 fusion_builder_column_1_3 1_3 fusion-one-third\" style=\"--awb-bg-size:cover;--awb-margin-bottom:0px;width:33.333333333333%;width:calc(33.333333333333% - ( ( 0px + 0px ) * 0.33333333333333 ) );margin-right: 0px;\"><div class=\"fusion-column-wrapper fusion-column-has-shadow fusion-flex-column-wrapper-legacy\"><div class=\"fusion-image-element fusion-image-align-center in-legacy-container\" style=\"text-align:center;--awb-caption-title-font-family:var(--h2_typography-font-family);--awb-caption-title-font-weight:var(--h2_typography-font-weight);--awb-caption-title-font-style:var(--h2_typography-font-style);--awb-caption-title-size:var(--h2_typography-font-size);--awb-caption-title-transform:var(--h2_typography-text-transform);--awb-caption-title-line-height:var(--h2_typography-line-height);--awb-caption-title-letter-spacing:var(--h2_typography-letter-spacing);\"><div class=\"imageframe-align-center\"><span class=\" fusion-imageframe imageframe-none imageframe-2 hover-type-none\"><img decoding=\"async\" width=\"640\" height=\"350\" title=\"200407_Heiner_640x350px\" src=\"https:\/\/beckabeck.de\/info\/wp-content\/uploads\/2020\/04\/200407_Heiner_640x350px.jpg\" alt class=\"img-responsive wp-image-6125\" srcset=\"https:\/\/beckabeck.de\/info\/wp-content\/uploads\/2020\/04\/200407_Heiner_640x350px-200x109.jpg 200w, https:\/\/beckabeck.de\/info\/wp-content\/uploads\/2020\/04\/200407_Heiner_640x350px-400x219.jpg 400w, https:\/\/beckabeck.de\/info\/wp-content\/uploads\/2020\/04\/200407_Heiner_640x350px-600x328.jpg 600w, https:\/\/beckabeck.de\/info\/wp-content\/uploads\/2020\/04\/200407_Heiner_640x350px.jpg 640w\" sizes=\"(max-width: 800px) 100vw, 640px\" \/><\/span><\/div><\/div><div class=\"fusion-clearfix\"><\/div><\/div><\/div><div class=\"fusion-layout-column fusion_builder_column fusion-builder-column-7 fusion_builder_column_1_3 1_3 fusion-one-third fusion-column-last\" style=\"--awb-bg-size:cover;--awb-margin-bottom:0px;width:33.333333333333%;width:calc(33.333333333333% - ( ( 0px + 0px ) * 0.33333333333333 ) );\"><div class=\"fusion-column-wrapper fusion-column-has-shadow fusion-flex-column-wrapper-legacy\"><div class=\"fusion-image-element fusion-image-align-center in-legacy-container\" style=\"text-align:center;--awb-caption-title-font-family:var(--h2_typography-font-family);--awb-caption-title-font-weight:var(--h2_typography-font-weight);--awb-caption-title-font-style:var(--h2_typography-font-style);--awb-caption-title-size:var(--h2_typography-font-size);--awb-caption-title-transform:var(--h2_typography-text-transform);--awb-caption-title-line-height:var(--h2_typography-line-height);--awb-caption-title-letter-spacing:var(--h2_typography-letter-spacing);\"><div class=\"imageframe-align-center\"><span class=\" fusion-imageframe imageframe-none imageframe-3 hover-type-none\"><img decoding=\"async\" width=\"640\" height=\"350\" title=\"200407_Aelblerbrot_640x350px\" src=\"https:\/\/beckabeck.de\/info\/wp-content\/uploads\/2020\/04\/200407_Aelblerbrot_640x350px.jpg\" alt class=\"img-responsive wp-image-6122\" srcset=\"https:\/\/beckabeck.de\/info\/wp-content\/uploads\/2020\/04\/200407_Aelblerbrot_640x350px-200x109.jpg 200w, https:\/\/beckabeck.de\/info\/wp-content\/uploads\/2020\/04\/200407_Aelblerbrot_640x350px-400x219.jpg 400w, https:\/\/beckabeck.de\/info\/wp-content\/uploads\/2020\/04\/200407_Aelblerbrot_640x350px-600x328.jpg 600w, https:\/\/beckabeck.de\/info\/wp-content\/uploads\/2020\/04\/200407_Aelblerbrot_640x350px.jpg 640w\" sizes=\"(max-width: 800px) 100vw, 640px\" \/><\/span><\/div><\/div><div class=\"fusion-clearfix\"><\/div><\/div><\/div><\/div><\/div><div class=\"fusion-fullwidth fullwidth-box fusion-builder-row-4 hundred-percent-fullwidth non-hundred-percent-height-scrolling\" style=\"--awb-border-radius-top-left:0px;--awb-border-radius-top-right:0px;--awb-border-radius-bottom-right:0px;--awb-border-radius-bottom-left:0px;--awb-padding-right:10%;--awb-padding-left:10%;--awb-margin-top:30px;--awb-flex-wrap:wrap;\" ><div class=\"fusion-builder-row fusion-row\"><div class=\"fusion-layout-column fusion_builder_column fusion-builder-column-8 fusion_builder_column_1_5 1_5 fusion-one-fifth fusion-column-first\" style=\"--awb-bg-size:cover;--awb-margin-bottom:0px;width:20%;width:calc(20% - ( ( 4% + 4% ) * 0.2 ) );margin-right: 4%;\"><div class=\"fusion-column-wrapper fusion-column-has-shadow fusion-flex-column-wrapper-legacy\"><div class=\"fusion-clearfix\"><\/div><\/div><\/div><div class=\"fusion-layout-column fusion_builder_column fusion-builder-column-9 fusion_builder_column_3_5 3_5 fusion-three-fifth\" style=\"--awb-bg-size:cover;--awb-margin-bottom:0px;width:60%;width:calc(60% - ( ( 4% + 4% ) * 0.6 ) );margin-right: 4%;\"><div class=\"fusion-column-wrapper fusion-column-has-shadow fusion-flex-column-wrapper-legacy\"><div class=\"fusion-title title fusion-title-3 fusion-title-center fusion-title-text fusion-title-size-one\"><div class=\"title-sep-container title-sep-container-left\"><div class=\"title-sep sep- sep-solid\" style=\"border-color:rgba(255,255,255,0.15);\"><\/div><\/div><span class=\"awb-title-spacer\"><\/span><h1 class=\"fusion-title-heading title-heading-center fusion-responsive-typography-calculated\" style=\"margin:0;--fontSize:43;line-height:1.1;\"><p style=\"text-align: center;\">UND DANN KAM ANNA<\/p><\/h1><span class=\"awb-title-spacer\"><\/span><div class=\"title-sep-container title-sep-container-right\"><div class=\"title-sep sep- sep-solid\" style=\"border-color:rgba(255,255,255,0.15);\"><\/div><\/div><\/div><div class=\"fusion-text fusion-text-2\"><p style=\"text-align: center;\"><span style=\"color: #000000;\">Ich hatte damals eine Freundin, die hie\u00df Anna. Sie hatte Neurodermitis und reagierte allergisch auf Weizenprodukte. Deshalb habe ich speziell f\u00fcr sie Brot und Seelen aus Dinkel gebacken. Ihr schmeckten die Backwaren und sie vertrug sie ohne allergisch zu reagieren \u2013 bis ich 1991 den letzten auf dem Weltmarkt verf\u00fcgbaren Dinkel \u2013 f\u00fcr damals 300 Mark pro Doppelzentner \u2013 kaufte. Diesmal reagierte Anna ganz heftig auf das Dinkelbrot. Daraufhin schickte ich das restliche Mehl zur Untersuchung in ein Labor, wo festgestellt wurde, dass dieser Dinkel nur eine bessere Weizenmischung war. Was soll ich sagen\u2026<\/span><\/p>\n<\/div><div class=\"fusion-title title fusion-title-4 fusion-title-center fusion-title-text fusion-title-size-three\"><div class=\"title-sep-container title-sep-container-left\"><div class=\"title-sep sep- sep-solid\" style=\"border-color:rgba(255,255,255,0.15);\"><\/div><\/div><span class=\"awb-title-spacer\"><\/span><h3 class=\"fusion-title-heading title-heading-center fusion-responsive-typography-calculated\" style=\"margin:0;--fontSize:25;--minFontSize:25;line-height:1.5;\"><p style=\"text-align: center;\"><span style=\"color: #000000;\"><em><strong>Ich war jung und naiv und hab geglaubt, was auf dem Mehlsack stand.<\/strong><\/em><\/span><\/p><\/h3><span class=\"awb-title-spacer\"><\/span><div class=\"title-sep-container title-sep-container-right\"><div class=\"title-sep sep- sep-solid\" style=\"border-color:rgba(255,255,255,0.15);\"><\/div><\/div><\/div><div class=\"fusion-clearfix\"><\/div><\/div><\/div><div class=\"fusion-layout-column fusion_builder_column fusion-builder-column-10 fusion_builder_column_1_5 1_5 fusion-one-fifth fusion-column-last\" style=\"--awb-bg-size:cover;width:20%;width:calc(20% - ( ( 4% + 4% ) * 0.2 ) );\"><div class=\"fusion-column-wrapper fusion-column-has-shadow fusion-flex-column-wrapper-legacy\"><div class=\"fusion-clearfix\"><\/div><\/div><\/div><\/div><\/div><div class=\"fusion-fullwidth fullwidth-box fusion-builder-row-5 nonhundred-percent-fullwidth non-hundred-percent-height-scrolling\" style=\"--awb-border-radius-top-left:0px;--awb-border-radius-top-right:0px;--awb-border-radius-bottom-right:0px;--awb-border-radius-bottom-left:0px;--awb-padding-right:0px;--awb-padding-left:0px;--awb-margin-top:30px;--awb-flex-wrap:wrap;\" ><div class=\"fusion-builder-row fusion-row\"><div class=\"fusion-layout-column fusion_builder_column fusion-builder-column-11 fusion_builder_column_1_1 1_1 fusion-one-full fusion-column-first fusion-column-last\" style=\"--awb-bg-size:cover;\"><div class=\"fusion-column-wrapper fusion-column-has-shadow fusion-flex-column-wrapper-legacy\"><div class=\"fusion-image-element fusion-image-align-center in-legacy-container\" style=\"text-align:center;--awb-caption-title-font-family:var(--h2_typography-font-family);--awb-caption-title-font-weight:var(--h2_typography-font-weight);--awb-caption-title-font-style:var(--h2_typography-font-style);--awb-caption-title-size:var(--h2_typography-font-size);--awb-caption-title-transform:var(--h2_typography-text-transform);--awb-caption-title-line-height:var(--h2_typography-line-height);--awb-caption-title-letter-spacing:var(--h2_typography-letter-spacing);\"><div class=\"imageframe-align-center\"><span class=\" fusion-imageframe imageframe-none imageframe-4 hover-type-none\"><img decoding=\"async\" width=\"1920\" height=\"800\" title=\"200422_Familie_1920x800px\" src=\"https:\/\/beckabeck.de\/info\/wp-content\/uploads\/2020\/04\/200422_Familie_1920x800px.jpg\" alt class=\"img-responsive wp-image-6605\" srcset=\"https:\/\/beckabeck.de\/info\/wp-content\/uploads\/2020\/04\/200422_Familie_1920x800px-200x83.jpg 200w, https:\/\/beckabeck.de\/info\/wp-content\/uploads\/2020\/04\/200422_Familie_1920x800px-400x167.jpg 400w, https:\/\/beckabeck.de\/info\/wp-content\/uploads\/2020\/04\/200422_Familie_1920x800px-600x250.jpg 600w, https:\/\/beckabeck.de\/info\/wp-content\/uploads\/2020\/04\/200422_Familie_1920x800px-800x333.jpg 800w, https:\/\/beckabeck.de\/info\/wp-content\/uploads\/2020\/04\/200422_Familie_1920x800px-1200x500.jpg 1200w, https:\/\/beckabeck.de\/info\/wp-content\/uploads\/2020\/04\/200422_Familie_1920x800px.jpg 1920w\" sizes=\"(max-width: 800px) 100vw, 1920px\" \/><\/span><\/div><\/div><div class=\"fusion-clearfix\"><\/div><\/div><\/div><div class=\"fusion-layout-column fusion_builder_column fusion-builder-column-12 fusion_builder_column_1_5 1_5 fusion-one-fifth fusion-column-first\" style=\"--awb-bg-size:cover;width:20%;width:calc(20% - ( ( 4% + 4% ) * 0.2 ) );margin-right: 4%;\"><div class=\"fusion-column-wrapper fusion-column-has-shadow fusion-flex-column-wrapper-legacy\"><div class=\"fusion-clearfix\"><\/div><\/div><\/div><div class=\"fusion-layout-column fusion_builder_column fusion-builder-column-13 fusion_builder_column_3_5 3_5 fusion-three-fifth\" style=\"--awb-padding-right:20px;--awb-padding-left:20px;--awb-bg-size:cover;width:60%;width:calc(60% - ( ( 4% + 4% ) * 0.6 ) );margin-right: 4%;\"><div class=\"fusion-column-wrapper fusion-column-has-shadow fusion-flex-column-wrapper-legacy\"><div class=\"fusion-title title fusion-title-5 fusion-title-center fusion-title-text fusion-title-size-three\"><div class=\"title-sep-container title-sep-container-left\"><div class=\"title-sep sep- sep-solid\" style=\"border-color:rgba(255,255,255,0.15);\"><\/div><\/div><span class=\"awb-title-spacer\"><\/span><h3 class=\"fusion-title-heading title-heading-center fusion-responsive-typography-calculated\" style=\"margin:0;--fontSize:25;--minFontSize:25;line-height:1.5;\"><p style=\"text-align: center;\"><strong><em><span style=\"color: #000000;\">Seit diesem Erlebnis mit Anna wusste ich, dass Dinkel nicht gleich Dinkel ist.<\/span><\/em><\/strong><\/p><\/h3><span class=\"awb-title-spacer\"><\/span><div class=\"title-sep-container title-sep-container-right\"><div class=\"title-sep sep- sep-solid\" style=\"border-color:rgba(255,255,255,0.15);\"><\/div><\/div><\/div><div class=\"fusion-text fusion-text-3\"><p style=\"text-align: center;\"><span style=\"color: #000000;\">Also beschloss ich, dem Dinkel seine schw\u00e4bische Heimat zur\u00fcckzugeben \u2013 und nicht nur das. Nachhaltig wollte ich ihn anbauen, vollst\u00e4ndig in BIO-Qualit\u00e4t und die Landwirte wollte ich besser und fairer bezahlen als alle anderen. Daf\u00fcr bin ich anfangs oft ausgelacht worden, aber ich wusste, dass es der richtige Weg ist \u2013 die Entscheidung konsequent mit regionalen Partnern zusammenzuarbeiten, habe ich nie bereut. Mir ist es wichtig, zu wissen, woher unsere Rohstoffe kommen und wer sie anbaut.<\/span><\/p>\n<p style=\"text-align: center;\"><span style=\"color: #000000;\">Im Jahr 2001 konnten wir dann endlich unser gesamtes Getreide von der Schw\u00e4bischen Alb beziehen und seit 2011 in BIO-Qualit\u00e4t. Dies ist nur gegl\u00fcckt durch eine enge, respektvolle und von Vertrauen gepr\u00e4gte Zusammenarbeit mit den Landwirten.<\/span><\/p>\n<\/div><div class=\"fusion-clearfix\"><\/div><\/div><\/div><div class=\"fusion-layout-column fusion_builder_column fusion-builder-column-14 fusion_builder_column_1_5 1_5 fusion-one-fifth fusion-column-last\" style=\"--awb-bg-size:cover;width:20%;width:calc(20% - ( ( 4% + 4% ) * 0.2 ) );\"><div class=\"fusion-column-wrapper fusion-column-has-shadow fusion-flex-column-wrapper-legacy\"><div class=\"fusion-clearfix\"><\/div><\/div><\/div><\/div><\/div><\/p>\n","protected":false},"excerpt":{"rendered":"","protected":false},"author":1,"featured_media":0,"parent":0,"menu_order":0,"comment_status":"closed","ping_status":"closed","template":"100-width.php","meta":{"footnotes":""},"class_list":["post-2180","page","type-page","status-publish","hentry"],"_links":{"self":[{"href":"https:\/\/beckabeck.de\/info\/wp-json\/wp\/v2\/pages\/2180","targetHints":{"allow":["GET"]}}],"collection":[{"href":"https:\/\/beckabeck.de\/info\/wp-json\/wp\/v2\/pages"}],"about":[{"href":"https:\/\/beckabeck.de\/info\/wp-json\/wp\/v2\/types\/page"}],"author":[{"embeddable":true,"href":"https:\/\/beckabeck.de\/info\/wp-json\/wp\/v2\/users\/1"}],"replies":[{"embeddable":true,"href":"https:\/\/beckabeck.de\/info\/wp-json\/wp\/v2\/comments?post=2180"}],"version-history":[{"count":513,"href":"https:\/\/beckabeck.de\/info\/wp-json\/wp\/v2\/pages\/2180\/revisions"}],"predecessor-version":[{"id":6766,"href":"https:\/\/beckabeck.de\/info\/wp-json\/wp\/v2\/pages\/2180\/revisions\/6766"}],"wp:attachment":[{"href":"https:\/\/beckabeck.de\/info\/wp-json\/wp\/v2\/media?parent=2180"}],"curies":[{"name":"wp","href":"https:\/\/api.w.org\/{rel}","templated":true}]}}